{"id":1854,"date":"2021-12-13T20:26:43","date_gmt":"2021-12-13T19:26:43","guid":{"rendered":"http:\/\/new.lesaiglesduleman.com\/faq\/"},"modified":"2022-11-24T11:28:36","modified_gmt":"2022-11-24T10:28:36","slug":"faq","status":"publish","type":"page","link":"https:\/\/www.lesaiglesduleman.com\/en\/winter\/faq\/","title":{"rendered":"FAQ"},"content":{"rendered":"\n<h2 class=\"wp-block-heading\">Do I need a reservation to come to the Aigles du L\u00e9man Winter Park?<\/h2>\n\n<p>The winter park is based in a high altitude restaurant in the commune of Morzine, at the Pointe de Nyon. So there is no need to make a reservation, <a href=\"https:\/\/www.lesaiglesduleman.com\/en\/winter\/show-and-bird-of-prey-animation\/\" data-type=\"page\" data-id=\"51\">the entertainment and shows<\/a> are free if you eat in the restaurant.<\/p>\n\n<h2 class=\"wp-block-heading\">How much does it cost to enter Les Aigles du L\u00e9man Winter Park?<\/h2>\n\n<p>There is no entrance fee. <a href=\"https:\/\/www.lesaiglesduleman.com\/en\/winter\/show-and-bird-of-prey-animation\/\" data-type=\"page\" data-id=\"51\">The animations and shows<\/a> are free if you eat at the Pointe de Nyon restaurant.<\/p>\n\n<h2 class=\"wp-block-heading\">Which park is currently open?<\/h2>\n\n<p>During the months of December, January, February and March, only the winter park located in Morzine on the Nyon plateau is open. The Sciez park is totally closed and inaccessible to the public.<\/p>\n\n<h2 class=\"wp-block-heading\">How to get to the Les Aigles du L\u00e9man Winter Park?<\/h2>\n\n<p>Type &#8220;T\u00e9l\u00e9ph\u00e9rique de Nyon&#8221; on your GPS, it will send you to the departure station of this cable car, free parking is available as well as an escalator. <a href=\"https:\/\/www.lesaiglesduleman.com\/en\/winter\/practical-info\/\" data-type=\"page\" data-id=\"49\">Consult the practical information<\/a><\/p>\n\n<p>Once at the top of the cable car, a large chalet will be visible at 100 metres. <\/p>\n\n<p>This is our winter park!<\/p>\n","protected":false},"excerpt":{"rendered":"<p>Do I need a reservation to come to the Aigles du L\u00e9man Winter Park? The winter park is based in a high altitude restaurant in the commune of Morzine, at the Pointe de Nyon. So there is no need to make a reservation, the entertainment and shows are free if you eat in the restaurant. [&hellip;]<\/p>\n","protected":false},"author":4,"featured_media":0,"parent":1859,"menu_order":0,"comment_status":"closed","ping_status":"closed","template":"template-winter.php","meta":{"_acf_changed":false,"footnotes":""},"class_list":["post-1854","page","type-page","status-publish","hentry"],"acf":[],"yoast_head":"<!-- This site is optimized with the Yoast SEO plugin v27.2 - https:\/\/yoast.com\/product\/yoast-seo-wordpress\/ -->\n<title>FAQ - Les Aigles du L\u00e9man<\/title>\n<meta name=\"robots\" content=\"index, follow, max-snippet:-1, max-image-preview:large, max-video-preview:-1\" \/>\n<link rel=\"canonical\" href=\"https:\/\/www.lesaiglesduleman.com\/hiver\/questions-frequentes\/\" \/>\n<meta property=\"og:locale\" content=\"en_US\" \/>\n<meta property=\"og:type\" content=\"article\" \/>\n<meta property=\"og:title\" content=\"FAQ - Les Aigles du L\u00e9man\" \/>\n<meta property=\"og:description\" content=\"Do I need a reservation to come to the Aigles du L\u00e9man Winter Park? The winter park is based in a high altitude restaurant in the commune of Morzine, at the Pointe de Nyon. So there is no need to make a reservation, the entertainment and shows are free if you eat in the restaurant. [&hellip;]\" \/>\n<meta property=\"og:url\" content=\"https:\/\/www.lesaiglesduleman.com\/hiver\/questions-frequentes\/\" \/>\n<meta property=\"og:site_name\" content=\"Les Aigles du L\u00e9man\" \/>\n<meta property=\"article:publisher\" content=\"https:\/\/www.facebook.com\/profile.php?id=100057487838713\" \/>\n<meta property=\"article:modified_time\" content=\"2022-11-24T10:28:36+00:00\" \/>\n<meta name=\"twitter:card\" content=\"summary_large_image\" \/>\n<meta name=\"twitter:label1\" content=\"Est. reading time\" \/>\n\t<meta name=\"twitter:data1\" content=\"1 minute\" \/>\n<script type=\"application\/ld+json\" class=\"yoast-schema-graph\">{\"@context\":\"https:\/\/schema.org\",\"@graph\":[{\"@type\":\"WebPage\",\"@id\":\"https:\/\/www.lesaiglesduleman.com\/hiver\/questions-frequentes\/\",\"url\":\"https:\/\/www.lesaiglesduleman.com\/hiver\/questions-frequentes\/\",\"name\":\"FAQ - Les Aigles du L\u00e9man\",\"isPartOf\":{\"@id\":\"https:\/\/www.lesaiglesduleman.com\/#website\"},\"datePublished\":\"2021-12-13T19:26:43+00:00\",\"dateModified\":\"2022-11-24T10:28:36+00:00\",\"breadcrumb\":{\"@id\":\"https:\/\/www.lesaiglesduleman.com\/hiver\/questions-frequentes\/#breadcrumb\"},\"inLanguage\":\"en-US\",\"potentialAction\":[{\"@type\":\"ReadAction\",\"target\":[\"https:\/\/www.lesaiglesduleman.com\/hiver\/questions-frequentes\/\"]}]},{\"@type\":\"BreadcrumbList\",\"@id\":\"https:\/\/www.lesaiglesduleman.com\/hiver\/questions-frequentes\/#breadcrumb\",\"itemListElement\":[{\"@type\":\"ListItem\",\"position\":1,\"name\":\"Home\",\"item\":\"https:\/\/www.lesaiglesduleman.com\/en\/summer\/\"},{\"@type\":\"ListItem\",\"position\":2,\"name\":\"Winter activities in Morzine\",\"item\":\"https:\/\/www.lesaiglesduleman.com\/hiver\/\"},{\"@type\":\"ListItem\",\"position\":3,\"name\":\"FAQ\"}]},{\"@type\":\"WebSite\",\"@id\":\"https:\/\/www.lesaiglesduleman.com\/#website\",\"url\":\"https:\/\/www.lesaiglesduleman.com\/\",\"name\":\"Les Aigles du L\u00e9man\",\"description\":\"\",\"potentialAction\":[{\"@type\":\"SearchAction\",\"target\":{\"@type\":\"EntryPoint\",\"urlTemplate\":\"https:\/\/www.lesaiglesduleman.com\/?s={search_term_string}\"},\"query-input\":{\"@type\":\"PropertyValueSpecification\",\"valueRequired\":true,\"valueName\":\"search_term_string\"}}],\"inLanguage\":\"en-US\"}]}<\/script>\n<!-- \/ Yoast SEO plugin. -->","yoast_head_json":{"title":"FAQ - Les Aigles du L\u00e9man","robots":{"index":"index","follow":"follow","max-snippet":"max-snippet:-1","max-image-preview":"max-image-preview:large","max-video-preview":"max-video-preview:-1"},"canonical":"https:\/\/www.lesaiglesduleman.com\/hiver\/questions-frequentes\/","og_locale":"en_US","og_type":"article","og_title":"FAQ - Les Aigles du L\u00e9man","og_description":"Do I need a reservation to come to the Aigles du L\u00e9man Winter Park? The winter park is based in a high altitude restaurant in the commune of Morzine, at the Pointe de Nyon. So there is no need to make a reservation, the entertainment and shows are free if you eat in the restaurant. [&hellip;]","og_url":"https:\/\/www.lesaiglesduleman.com\/hiver\/questions-frequentes\/","og_site_name":"Les Aigles du L\u00e9man","article_publisher":"https:\/\/www.facebook.com\/profile.php?id=100057487838713","article_modified_time":"2022-11-24T10:28:36+00:00","twitter_card":"summary_large_image","twitter_misc":{"Est. reading time":"1 minute"},"schema":{"@context":"https:\/\/schema.org","@graph":[{"@type":"WebPage","@id":"https:\/\/www.lesaiglesduleman.com\/hiver\/questions-frequentes\/","url":"https:\/\/www.lesaiglesduleman.com\/hiver\/questions-frequentes\/","name":"FAQ - Les Aigles du L\u00e9man","isPartOf":{"@id":"https:\/\/www.lesaiglesduleman.com\/#website"},"datePublished":"2021-12-13T19:26:43+00:00","dateModified":"2022-11-24T10:28:36+00:00","breadcrumb":{"@id":"https:\/\/www.lesaiglesduleman.com\/hiver\/questions-frequentes\/#breadcrumb"},"inLanguage":"en-US","potentialAction":[{"@type":"ReadAction","target":["https:\/\/www.lesaiglesduleman.com\/hiver\/questions-frequentes\/"]}]},{"@type":"BreadcrumbList","@id":"https:\/\/www.lesaiglesduleman.com\/hiver\/questions-frequentes\/#breadcrumb","itemListElement":[{"@type":"ListItem","position":1,"name":"Home","item":"https:\/\/www.lesaiglesduleman.com\/en\/summer\/"},{"@type":"ListItem","position":2,"name":"Winter activities in Morzine","item":"https:\/\/www.lesaiglesduleman.com\/hiver\/"},{"@type":"ListItem","position":3,"name":"FAQ"}]},{"@type":"WebSite","@id":"https:\/\/www.lesaiglesduleman.com\/#website","url":"https:\/\/www.lesaiglesduleman.com\/","name":"Les Aigles du L\u00e9man","description":"","potentialAction":[{"@type":"SearchAction","target":{"@type":"EntryPoint","urlTemplate":"https:\/\/www.lesaiglesduleman.com\/?s={search_term_string}"},"query-input":{"@type":"PropertyValueSpecification","valueRequired":true,"valueName":"search_term_string"}}],"inLanguage":"en-US"}]}},"jetpack_sharing_enabled":true,"_links":{"self":[{"href":"https:\/\/www.lesaiglesduleman.com\/en\/wp-json\/wp\/v2\/pages\/1854","targetHints":{"allow":["GET"]}}],"collection":[{"href":"https:\/\/www.lesaiglesduleman.com\/en\/wp-json\/wp\/v2\/pages"}],"about":[{"href":"https:\/\/www.lesaiglesduleman.com\/en\/wp-json\/wp\/v2\/types\/page"}],"author":[{"embeddable":true,"href":"https:\/\/www.lesaiglesduleman.com\/en\/wp-json\/wp\/v2\/users\/4"}],"replies":[{"embeddable":true,"href":"https:\/\/www.lesaiglesduleman.com\/en\/wp-json\/wp\/v2\/comments?post=1854"}],"version-history":[{"count":3,"href":"https:\/\/www.lesaiglesduleman.com\/en\/wp-json\/wp\/v2\/pages\/1854\/revisions"}],"predecessor-version":[{"id":3165,"href":"https:\/\/www.lesaiglesduleman.com\/en\/wp-json\/wp\/v2\/pages\/1854\/revisions\/3165"}],"up":[{"embeddable":true,"href":"https:\/\/www.lesaiglesduleman.com\/en\/wp-json\/wp\/v2\/pages\/1859"}],"wp:attachment":[{"href":"https:\/\/www.lesaiglesduleman.com\/en\/wp-json\/wp\/v2\/media?parent=1854"}],"curies":[{"name":"wp","href":"https:\/\/api.w.org\/{rel}","templated":true}]}}