{"id":1867,"date":"2021-12-13T20:52:39","date_gmt":"2021-12-13T19:52:39","guid":{"rendered":"http:\/\/new.lesaiglesduleman.com\/observe-and-protect\/"},"modified":"2024-06-27T08:37:42","modified_gmt":"2024-06-27T06:37:42","slug":"observe-and-protect","status":"publish","type":"page","link":"https:\/\/www.lesaiglesduleman.com\/en\/reintroduction-program\/observe-and-protect\/","title":{"rendered":"Observe and protect"},"content":{"rendered":"\t\t<div data-elementor-type=\"wp-page\" data-elementor-id=\"1867\" class=\"elementor elementor-1867 elementor-1306\" data-elementor-post-type=\"page\">\n\t\t\t\t\t\t<section class=\"elementor-section elementor-top-section elementor-element elementor-element-ceeea41 elementor-section-boxed elementor-section-height-default elementor-section-height-default\" data-id=\"ceeea41\" data-element_type=\"section\" data-e-type=\"section\">\n\t\t\t\t\t\t<div class=\"elementor-container elementor-column-gap-default\">\n\t\t\t\t\t<div class=\"elementor-column elementor-col-100 elementor-top-column elementor-element elementor-element-e8d8465\" data-id=\"e8d8465\" data-element_type=\"column\" data-e-type=\"column\">\n\t\t\t<div class=\"elementor-widget-wrap elementor-element-populated\">\n\t\t\t\t\t\t<section class=\"elementor-section elementor-inner-section elementor-element elementor-element-4b5dfed elementor-section-boxed elementor-section-height-default elementor-section-height-default\" data-id=\"4b5dfed\" data-element_type=\"section\" data-e-type=\"section\">\n\t\t\t\t\t\t<div class=\"elementor-container elementor-column-gap-default\">\n\t\t\t\t\t<div class=\"elementor-column elementor-col-50 elementor-inner-column elementor-element elementor-element-028db94\" data-id=\"028db94\" data-element_type=\"column\" data-e-type=\"column\">\n\t\t\t<div class=\"elementor-widget-wrap elementor-element-populated\">\n\t\t\t\t\t\t<div class=\"elementor-element elementor-element-787c118 elementor-widget elementor-widget-text-editor\" data-id=\"787c118\" data-element_type=\"widget\" data-e-type=\"widget\" data-widget_type=\"text-editor.default\">\n\t\t\t\t<div class=\"elementor-widget-container\">\n\t\t\t\t\t\t\t\t\t<h2>The golden rules<\/h2>\n<p>Whether it is with the aim of observing the eagle or by chance during your activities around the lake, the encounter with the eagle always remains a magical moment. It is most of the time a furtive moment, a flight a few meters above you.<\/p>\n<p>To take full advantage of this moment, here are a few tips to avoid missing anything and to disturb as little as possible this great bird of prey :<\/p>\n<p> <strong>Do not try to approach<\/strong> or follow it as it can easily become very frightened.<\/p>\n<p><strong>Keep away from trees where it is perched<\/strong> because it is resting.<\/p>\n<p><strong>Stay calm<\/strong> and do not suddenly make big gestures (to call your friends, take out the camera or your binoculars\u2026).<\/p>\n<p><strong>Do not approach<\/strong> a young bird on the ground, it does not need help, it is learning to fly and does not always master its landings! Report its position to the program.<\/p>\n<p><strong>Stop and take the time to observe him,<\/strong> if he passes behind a grove of trees or houses, he can return very quickly.<\/p>\n<p>If you are on the ground and he is in flight, no worries about disturbance, it is the eagle that remains master of approaching you or not.<\/p>\n<p>If the eagle is eating on a carcass or preening its feathers, <strong>be as still as possible<\/strong> because if you are close enough, the slightest movement will make it fly away.<\/p>\n<p>If you have a pet, <strong>do not try to approach,<\/strong> or follow the white tail sea eagle it as it can easily become very frightened.<\/p>\n<p><strong>Move away from trees where it is perched<\/strong> as its nest may be very close.<\/p>\n<p>And above all, don&#8217;t forget to <strong>send in your sightings<\/strong> to the national eagle-watching website<b><a href=\"https:\/\/pygargues.fr\/\">https:\/\/pygargues.fr\/<\/a><\/b><\/p>\n\t\t\t\t\t\t\t\t<\/div>\n\t\t\t\t<\/div>\n\t\t\t\t\t<\/div>\n\t\t<\/div>\n\t\t\t\t<div class=\"elementor-column elementor-col-50 elementor-inner-column elementor-element elementor-element-bcf157e\" data-id=\"bcf157e\" data-element_type=\"column\" data-e-type=\"column\">\n\t\t\t<div class=\"elementor-widget-wrap elementor-element-populated\">\n\t\t\t\t\t\t<div class=\"elementor-element elementor-element-430fb09 gallery-spacing-custom elementor-widget elementor-widget-image-gallery\" data-id=\"430fb09\" data-element_type=\"widget\" data-e-type=\"widget\" data-widget_type=\"image-gallery.default\">\n\t\t\t\t<div class=\"elementor-widget-container\">\n\t\t\t\t\t\t\t<div class=\"elementor-image-gallery\">\n\t\t\t<div id='gallery-1' class='gallery galleryid-1867 gallery-columns-1 gallery-size-medium'><figure class='gallery-item'>\n\t\t\t<div class='gallery-icon landscape'>\n\t\t\t\t<a data-elementor-open-lightbox=\"yes\" data-elementor-lightbox-slideshow=\"430fb09\" data-elementor-lightbox-title=\"reintroduction-8O9A9797\" data-e-action-hash=\"#elementor-action%3Aaction%3Dlightbox%26settings%3DeyJpZCI6OTk5LCJ1cmwiOiJodHRwczpcL1wvd3d3Lmxlc2FpZ2xlc2R1bGVtYW4uY29tXC93cC1jb250ZW50XC91cGxvYWRzXC8yMDIxXC8xMlwvcmVpbnRyb2R1Y3Rpb24tOE85QTk3OTcuanBnIiwic2xpZGVzaG93IjoiNDMwZmIwOSJ9\" href='https:\/\/www.lesaiglesduleman.com\/wp-content\/uploads\/2021\/12\/reintroduction-8O9A9797.jpg'><img fetchpriority=\"high\" decoding=\"async\" width=\"600\" height=\"400\" src=\"https:\/\/www.lesaiglesduleman.com\/wp-content\/uploads\/2021\/12\/reintroduction-8O9A9797-600x400.jpg\" class=\"attachment-medium size-medium\" alt=\"Photo vue de face d&#039;un pygargue \u00e0 queue blanche en pleine nature pos\u00e9 sur un tronc d&#039;arbre parterre. Il regarde sur la droite, on distingue derri\u00e8re lui des roseaux, un lac et des sapins.\" srcset=\"https:\/\/www.lesaiglesduleman.com\/wp-content\/uploads\/2021\/12\/reintroduction-8O9A9797-600x400.jpg 600w, https:\/\/www.lesaiglesduleman.com\/wp-content\/uploads\/2021\/12\/reintroduction-8O9A9797-1200x800.jpg 1200w, https:\/\/www.lesaiglesduleman.com\/wp-content\/uploads\/2021\/12\/reintroduction-8O9A9797-768x512.jpg 768w, https:\/\/www.lesaiglesduleman.com\/wp-content\/uploads\/2021\/12\/reintroduction-8O9A9797-1536x1024.jpg 1536w, https:\/\/www.lesaiglesduleman.com\/wp-content\/uploads\/2021\/12\/reintroduction-8O9A9797-416x277.jpg 416w, https:\/\/www.lesaiglesduleman.com\/wp-content\/uploads\/2021\/12\/reintroduction-8O9A9797.jpg 2000w\" sizes=\"(max-width: 600px) 100vw, 600px\" \/><\/a>\n\t\t\t<\/div><\/figure><figure class='gallery-item'>\n\t\t\t<div class='gallery-icon landscape'>\n\t\t\t\t<a data-elementor-open-lightbox=\"yes\" data-elementor-lightbox-slideshow=\"430fb09\" data-elementor-lightbox-title=\"Pyg.fr\" data-e-action-hash=\"#elementor-action%3Aaction%3Dlightbox%26settings%3DeyJpZCI6MTA2NDUsInVybCI6Imh0dHBzOlwvXC93d3cubGVzYWlnbGVzZHVsZW1hbi5jb21cL3dwLWNvbnRlbnRcL3VwbG9hZHNcLzIwMjRcLzA2XC9QeWcuZnJfLnBuZyIsInNsaWRlc2hvdyI6IjQzMGZiMDkifQ%3D%3D\" href='https:\/\/www.lesaiglesduleman.com\/wp-content\/uploads\/2024\/06\/Pyg.fr_.png'><img decoding=\"async\" width=\"600\" height=\"305\" src=\"https:\/\/www.lesaiglesduleman.com\/wp-content\/uploads\/2024\/06\/Pyg.fr_-600x305.png\" class=\"attachment-medium size-medium\" alt=\"pygargues.fr\" srcset=\"https:\/\/www.lesaiglesduleman.com\/wp-content\/uploads\/2024\/06\/Pyg.fr_-600x305.png 600w, https:\/\/www.lesaiglesduleman.com\/wp-content\/uploads\/2024\/06\/Pyg.fr_-1200x610.png 1200w, https:\/\/www.lesaiglesduleman.com\/wp-content\/uploads\/2024\/06\/Pyg.fr_-768x390.png 768w, https:\/\/www.lesaiglesduleman.com\/wp-content\/uploads\/2024\/06\/Pyg.fr_-1536x781.png 1536w, https:\/\/www.lesaiglesduleman.com\/wp-content\/uploads\/2024\/06\/Pyg.fr_-416x211.png 416w, https:\/\/www.lesaiglesduleman.com\/wp-content\/uploads\/2024\/06\/Pyg.fr_.png 1920w\" sizes=\"(max-width: 600px) 100vw, 600px\" \/><\/a>\n\t\t\t<\/div><\/figure>\n\t\t<\/div>\n\t\t<\/div>\n\t\t\t\t\t\t<\/div>\n\t\t\t\t<\/div>\n\t\t\t\t\t<\/div>\n\t\t<\/div>\n\t\t\t\t\t<\/div>\n\t\t<\/section>\n\t\t\t\t\t<\/div>\n\t\t<\/div>\n\t\t\t\t\t<\/div>\n\t\t<\/section>\n\t\t\t\t<\/div>\n\t\t","protected":false},"excerpt":{"rendered":"<p>The golden rules Whether it is with the aim of observing the eagle or by chance during your activities around the lake, the encounter with the eagle always remains a magical moment. It is most of the time a furtive moment, a flight a few meters above you. To take full advantage of this moment, [&hellip;]<\/p>\n","protected":false},"author":4,"featured_media":0,"parent":1886,"menu_order":20,"comment_status":"closed","ping_status":"closed","template":"template-reintroduction.php","meta":{"_acf_changed":false,"footnotes":""},"class_list":["post-1867","page","type-page","status-publish","hentry"],"acf":[],"yoast_head":"<!-- This site is optimized with the Yoast SEO plugin v27.4 - https:\/\/yoast.com\/product\/yoast-seo-wordpress\/ -->\n<title>Observe and protect - Les Aigles du L\u00e9man<\/title>\n<meta name=\"robots\" content=\"index, follow, max-snippet:-1, max-image-preview:large, max-video-preview:-1\" \/>\n<link rel=\"canonical\" href=\"https:\/\/www.lesaiglesduleman.com\/centre-de-reintroduction\/observer-et-proteger\/\" \/>\n<meta property=\"og:locale\" content=\"en_US\" \/>\n<meta property=\"og:type\" content=\"article\" \/>\n<meta property=\"og:title\" content=\"Observe and protect - Les Aigles du L\u00e9man\" \/>\n<meta property=\"og:description\" content=\"The golden rules Whether it is with the aim of observing the eagle or by chance during your activities around the lake, the encounter with the eagle always remains a magical moment. It is most of the time a furtive moment, a flight a few meters above you. To take full advantage of this moment, [&hellip;]\" \/>\n<meta property=\"og:url\" content=\"https:\/\/www.lesaiglesduleman.com\/centre-de-reintroduction\/observer-et-proteger\/\" \/>\n<meta property=\"og:site_name\" content=\"Les Aigles du L\u00e9man\" \/>\n<meta property=\"article:publisher\" content=\"https:\/\/www.facebook.com\/profile.php?id=100057487838713\" \/>\n<meta property=\"article:modified_time\" content=\"2024-06-27T06:37:42+00:00\" \/>\n<meta property=\"og:image\" content=\"https:\/\/www.lesaiglesduleman.com\/wp-content\/uploads\/2021\/12\/reintroduction-8O9A9797-600x400.jpg\" \/>\n<meta name=\"twitter:card\" content=\"summary_large_image\" \/>\n<meta name=\"twitter:label1\" content=\"Est. reading time\" \/>\n\t<meta name=\"twitter:data1\" content=\"1 minute\" \/>\n<script type=\"application\/ld+json\" class=\"yoast-schema-graph\">{\"@context\":\"https:\\\/\\\/schema.org\",\"@graph\":[{\"@type\":\"WebPage\",\"@id\":\"https:\\\/\\\/www.lesaiglesduleman.com\\\/centre-de-reintroduction\\\/observer-et-proteger\\\/\",\"url\":\"https:\\\/\\\/www.lesaiglesduleman.com\\\/centre-de-reintroduction\\\/observer-et-proteger\\\/\",\"name\":\"Observe and protect - Les Aigles du L\u00e9man\",\"isPartOf\":{\"@id\":\"https:\\\/\\\/www.lesaiglesduleman.com\\\/#website\"},\"primaryImageOfPage\":{\"@id\":\"https:\\\/\\\/www.lesaiglesduleman.com\\\/centre-de-reintroduction\\\/observer-et-proteger\\\/#primaryimage\"},\"image\":{\"@id\":\"https:\\\/\\\/www.lesaiglesduleman.com\\\/centre-de-reintroduction\\\/observer-et-proteger\\\/#primaryimage\"},\"thumbnailUrl\":\"https:\\\/\\\/www.lesaiglesduleman.com\\\/wp-content\\\/uploads\\\/2021\\\/12\\\/reintroduction-8O9A9797-600x400.jpg\",\"datePublished\":\"2021-12-13T19:52:39+00:00\",\"dateModified\":\"2024-06-27T06:37:42+00:00\",\"breadcrumb\":{\"@id\":\"https:\\\/\\\/www.lesaiglesduleman.com\\\/centre-de-reintroduction\\\/observer-et-proteger\\\/#breadcrumb\"},\"inLanguage\":\"en-US\",\"potentialAction\":[{\"@type\":\"ReadAction\",\"target\":[\"https:\\\/\\\/www.lesaiglesduleman.com\\\/centre-de-reintroduction\\\/observer-et-proteger\\\/\"]}]},{\"@type\":\"ImageObject\",\"inLanguage\":\"en-US\",\"@id\":\"https:\\\/\\\/www.lesaiglesduleman.com\\\/centre-de-reintroduction\\\/observer-et-proteger\\\/#primaryimage\",\"url\":\"https:\\\/\\\/www.lesaiglesduleman.com\\\/wp-content\\\/uploads\\\/2021\\\/12\\\/reintroduction-8O9A9797-600x400.jpg\",\"contentUrl\":\"https:\\\/\\\/www.lesaiglesduleman.com\\\/wp-content\\\/uploads\\\/2021\\\/12\\\/reintroduction-8O9A9797-600x400.jpg\"},{\"@type\":\"BreadcrumbList\",\"@id\":\"https:\\\/\\\/www.lesaiglesduleman.com\\\/centre-de-reintroduction\\\/observer-et-proteger\\\/#breadcrumb\",\"itemListElement\":[{\"@type\":\"ListItem\",\"position\":1,\"name\":\"Home\",\"item\":\"https:\\\/\\\/www.lesaiglesduleman.com\\\/en\\\/summer\\\/\"},{\"@type\":\"ListItem\",\"position\":2,\"name\":\"Reintroduction program\",\"item\":\"https:\\\/\\\/www.lesaiglesduleman.com\\\/en\\\/reintroduction-program\\\/\"},{\"@type\":\"ListItem\",\"position\":3,\"name\":\"Observe and protect\"}]},{\"@type\":\"WebSite\",\"@id\":\"https:\\\/\\\/www.lesaiglesduleman.com\\\/#website\",\"url\":\"https:\\\/\\\/www.lesaiglesduleman.com\\\/\",\"name\":\"Les Aigles du L\u00e9man\",\"description\":\"\",\"potentialAction\":[{\"@type\":\"SearchAction\",\"target\":{\"@type\":\"EntryPoint\",\"urlTemplate\":\"https:\\\/\\\/www.lesaiglesduleman.com\\\/?s={search_term_string}\"},\"query-input\":{\"@type\":\"PropertyValueSpecification\",\"valueRequired\":true,\"valueName\":\"search_term_string\"}}],\"inLanguage\":\"en-US\"}]}<\/script>\n<!-- \/ Yoast SEO plugin. -->","yoast_head_json":{"title":"Observe and protect - Les Aigles du L\u00e9man","robots":{"index":"index","follow":"follow","max-snippet":"max-snippet:-1","max-image-preview":"max-image-preview:large","max-video-preview":"max-video-preview:-1"},"canonical":"https:\/\/www.lesaiglesduleman.com\/centre-de-reintroduction\/observer-et-proteger\/","og_locale":"en_US","og_type":"article","og_title":"Observe and protect - Les Aigles du L\u00e9man","og_description":"The golden rules Whether it is with the aim of observing the eagle or by chance during your activities around the lake, the encounter with the eagle always remains a magical moment. It is most of the time a furtive moment, a flight a few meters above you. To take full advantage of this moment, [&hellip;]","og_url":"https:\/\/www.lesaiglesduleman.com\/centre-de-reintroduction\/observer-et-proteger\/","og_site_name":"Les Aigles du L\u00e9man","article_publisher":"https:\/\/www.facebook.com\/profile.php?id=100057487838713","article_modified_time":"2024-06-27T06:37:42+00:00","og_image":[{"url":"https:\/\/www.lesaiglesduleman.com\/wp-content\/uploads\/2021\/12\/reintroduction-8O9A9797-600x400.jpg","type":"","width":"","height":""}],"twitter_card":"summary_large_image","twitter_misc":{"Est. reading time":"1 minute"},"schema":{"@context":"https:\/\/schema.org","@graph":[{"@type":"WebPage","@id":"https:\/\/www.lesaiglesduleman.com\/centre-de-reintroduction\/observer-et-proteger\/","url":"https:\/\/www.lesaiglesduleman.com\/centre-de-reintroduction\/observer-et-proteger\/","name":"Observe and protect - Les Aigles du L\u00e9man","isPartOf":{"@id":"https:\/\/www.lesaiglesduleman.com\/#website"},"primaryImageOfPage":{"@id":"https:\/\/www.lesaiglesduleman.com\/centre-de-reintroduction\/observer-et-proteger\/#primaryimage"},"image":{"@id":"https:\/\/www.lesaiglesduleman.com\/centre-de-reintroduction\/observer-et-proteger\/#primaryimage"},"thumbnailUrl":"https:\/\/www.lesaiglesduleman.com\/wp-content\/uploads\/2021\/12\/reintroduction-8O9A9797-600x400.jpg","datePublished":"2021-12-13T19:52:39+00:00","dateModified":"2024-06-27T06:37:42+00:00","breadcrumb":{"@id":"https:\/\/www.lesaiglesduleman.com\/centre-de-reintroduction\/observer-et-proteger\/#breadcrumb"},"inLanguage":"en-US","potentialAction":[{"@type":"ReadAction","target":["https:\/\/www.lesaiglesduleman.com\/centre-de-reintroduction\/observer-et-proteger\/"]}]},{"@type":"ImageObject","inLanguage":"en-US","@id":"https:\/\/www.lesaiglesduleman.com\/centre-de-reintroduction\/observer-et-proteger\/#primaryimage","url":"https:\/\/www.lesaiglesduleman.com\/wp-content\/uploads\/2021\/12\/reintroduction-8O9A9797-600x400.jpg","contentUrl":"https:\/\/www.lesaiglesduleman.com\/wp-content\/uploads\/2021\/12\/reintroduction-8O9A9797-600x400.jpg"},{"@type":"BreadcrumbList","@id":"https:\/\/www.lesaiglesduleman.com\/centre-de-reintroduction\/observer-et-proteger\/#breadcrumb","itemListElement":[{"@type":"ListItem","position":1,"name":"Home","item":"https:\/\/www.lesaiglesduleman.com\/en\/summer\/"},{"@type":"ListItem","position":2,"name":"Reintroduction program","item":"https:\/\/www.lesaiglesduleman.com\/en\/reintroduction-program\/"},{"@type":"ListItem","position":3,"name":"Observe and protect"}]},{"@type":"WebSite","@id":"https:\/\/www.lesaiglesduleman.com\/#website","url":"https:\/\/www.lesaiglesduleman.com\/","name":"Les Aigles du L\u00e9man","description":"","potentialAction":[{"@type":"SearchAction","target":{"@type":"EntryPoint","urlTemplate":"https:\/\/www.lesaiglesduleman.com\/?s={search_term_string}"},"query-input":{"@type":"PropertyValueSpecification","valueRequired":true,"valueName":"search_term_string"}}],"inLanguage":"en-US"}]}},"jetpack_sharing_enabled":true,"_links":{"self":[{"href":"https:\/\/www.lesaiglesduleman.com\/en\/wp-json\/wp\/v2\/pages\/1867","targetHints":{"allow":["GET"]}}],"collection":[{"href":"https:\/\/www.lesaiglesduleman.com\/en\/wp-json\/wp\/v2\/pages"}],"about":[{"href":"https:\/\/www.lesaiglesduleman.com\/en\/wp-json\/wp\/v2\/types\/page"}],"author":[{"embeddable":true,"href":"https:\/\/www.lesaiglesduleman.com\/en\/wp-json\/wp\/v2\/users\/4"}],"replies":[{"embeddable":true,"href":"https:\/\/www.lesaiglesduleman.com\/en\/wp-json\/wp\/v2\/comments?post=1867"}],"version-history":[{"count":12,"href":"https:\/\/www.lesaiglesduleman.com\/en\/wp-json\/wp\/v2\/pages\/1867\/revisions"}],"predecessor-version":[{"id":10653,"href":"https:\/\/www.lesaiglesduleman.com\/en\/wp-json\/wp\/v2\/pages\/1867\/revisions\/10653"}],"up":[{"embeddable":true,"href":"https:\/\/www.lesaiglesduleman.com\/en\/wp-json\/wp\/v2\/pages\/1886"}],"wp:attachment":[{"href":"https:\/\/www.lesaiglesduleman.com\/en\/wp-json\/wp\/v2\/media?parent=1867"}],"curies":[{"name":"wp","href":"https:\/\/api.w.org\/{rel}","templated":true}]}}