{"id":1930,"date":"2021-12-13T22:25:53","date_gmt":"2021-12-13T21:25:53","guid":{"rendered":"http:\/\/new.lesaiglesduleman.com\/conservation\/scientific-investigations\/"},"modified":"2021-12-13T22:25:54","modified_gmt":"2021-12-13T21:25:54","slug":"scientific-investigations","status":"publish","type":"page","link":"https:\/\/www.lesaiglesduleman.com\/en\/summer\/conservation\/scientific-investigations\/","title":{"rendered":"Scientific investigations"},"content":{"rendered":"\t\t<div data-elementor-type=\"wp-page\" data-elementor-id=\"1930\" class=\"elementor elementor-1930 elementor-758\" data-elementor-post-type=\"page\">\n\t\t\t\t\t\t<section class=\"elementor-section elementor-top-section elementor-element elementor-element-ce393f2 elementor-section-boxed elementor-section-height-default elementor-section-height-default\" data-id=\"ce393f2\" data-element_type=\"section\" data-e-type=\"section\">\n\t\t\t\t\t\t<div class=\"elementor-container elementor-column-gap-default\">\n\t\t\t\t\t<div class=\"elementor-column elementor-col-100 elementor-top-column elementor-element elementor-element-bb4cd3e\" data-id=\"bb4cd3e\" data-element_type=\"column\" data-e-type=\"column\">\n\t\t\t<div class=\"elementor-widget-wrap elementor-element-populated\">\n\t\t\t\t\t\t<section class=\"elementor-section elementor-inner-section elementor-element elementor-element-9442f9c elementor-section-boxed elementor-section-height-default elementor-section-height-default\" data-id=\"9442f9c\" data-element_type=\"section\" data-e-type=\"section\">\n\t\t\t\t\t\t<div class=\"elementor-container elementor-column-gap-default\">\n\t\t\t\t\t<div class=\"elementor-column elementor-col-50 elementor-inner-column elementor-element elementor-element-1a38926\" data-id=\"1a38926\" data-element_type=\"column\" data-e-type=\"column\">\n\t\t\t<div class=\"elementor-widget-wrap elementor-element-populated\">\n\t\t\t\t\t\t<div class=\"elementor-element elementor-element-1c5a426a elementor-widget elementor-widget-text-editor\" data-id=\"1c5a426a\" data-element_type=\"widget\" data-e-type=\"widget\" data-widget_type=\"text-editor.default\">\n\t\t\t\t<div class=\"elementor-widget-container\">\n\t\t\t\t\t\t\t\t\t<h2>The first free flight aviary<\/h2>\n<p><strong><em>Scientific investigations<\/em><\/strong>project has reconstructed a habitat in a large aviary of 18000 square meters by 10 meters high where more than 60 raptors belonging to 13 different species coexist without any barrier. For the first time, raptors are able to fly almost freely and learn how to use the wind to move around. They also have to interact with each other to find a breeding partner or to feed. This real-size experience is the ideal place to study relationships between individuals (of the same species and between different species)as well as their diets. Following the opening of \u201cTerre des Aigles\u201d, relationships with French universities have been established through student internships.<\/p>\n<p>But that\u2019s not all, not only are the raptors will be able to interact with each other but we also suggest you take the opportunity to come and visit their environment\u2026<\/p>\n<p><strong>Enter to <em>\u201cTERRE DES AIGLES\u201d<\/em> !<\/strong><\/p>\n\t\t\t\t\t\t\t\t<\/div>\n\t\t\t\t<\/div>\n\t\t\t\t\t<\/div>\n\t\t<\/div>\n\t\t\t\t<div class=\"elementor-column elementor-col-50 elementor-inner-column elementor-element elementor-element-a9ca1a4\" data-id=\"a9ca1a4\" data-element_type=\"column\" data-e-type=\"column\">\n\t\t\t<div class=\"elementor-widget-wrap elementor-element-populated\">\n\t\t\t\t\t\t<div class=\"elementor-element elementor-element-d88b718 elementor-arrows-position-inside elementor-pagination-position-outside elementor-widget elementor-widget-image-carousel\" data-id=\"d88b718\" data-element_type=\"widget\" data-e-type=\"widget\" data-settings=\"{&quot;slides_to_show&quot;:&quot;1&quot;,&quot;autoplay_speed&quot;:4000,&quot;navigation&quot;:&quot;both&quot;,&quot;autoplay&quot;:&quot;yes&quot;,&quot;pause_on_hover&quot;:&quot;yes&quot;,&quot;pause_on_interaction&quot;:&quot;yes&quot;,&quot;infinite&quot;:&quot;yes&quot;,&quot;effect&quot;:&quot;slide&quot;,&quot;speed&quot;:500}\" data-widget_type=\"image-carousel.default\">\n\t\t\t\t<div class=\"elementor-widget-container\">\n\t\t\t\t\t\t\t<div class=\"elementor-image-carousel-wrapper swiper\" role=\"region\" aria-roledescription=\"carousel\" aria-label=\"Image Carousel\" dir=\"ltr\">\n\t\t\t<div class=\"elementor-image-carousel swiper-wrapper swiper-image-stretch\" aria-live=\"off\">\n\t\t\t\t\t\t\t\t<div class=\"swiper-slide\" role=\"group\" aria-roledescription=\"slide\" aria-label=\"1 of 3\"><a data-elementor-open-lightbox=\"yes\" data-elementor-lightbox-slideshow=\"d88b718\" data-elementor-lightbox-title=\"conservation-20180614_100647\" data-e-action-hash=\"#elementor-action%3Aaction%3Dlightbox%26settings%3DeyJpZCI6MTA1OSwidXJsIjoiaHR0cHM6XC9cL3d3dy5sZXNhaWdsZXNkdWxlbWFuLmNvbVwvd3AtY29udGVudFwvdXBsb2Fkc1wvMjAyMVwvMTJcL2NvbnNlcnZhdGlvbi0yMDE4MDYxNF8xMDA2NDcuanBnIiwic2xpZGVzaG93IjoiZDg4YjcxOCJ9\" href=\"https:\/\/www.lesaiglesduleman.com\/wp-content\/uploads\/2021\/12\/conservation-20180614_100647.jpg\"><figure class=\"swiper-slide-inner\"><img decoding=\"async\" class=\"swiper-slide-image\" src=\"https:\/\/www.lesaiglesduleman.com\/wp-content\/uploads\/2021\/12\/conservation-20180614_100647-600x450.jpg\" alt=\"Vue de la voli\u00e8re Terre des Aigles au parc Les Aigles du L\u00e9man.\" \/><\/figure><\/a><\/div><div class=\"swiper-slide\" role=\"group\" aria-roledescription=\"slide\" aria-label=\"2 of 3\"><a data-elementor-open-lightbox=\"yes\" data-elementor-lightbox-slideshow=\"d88b718\" data-elementor-lightbox-title=\"conservation-20180614_172340\" data-e-action-hash=\"#elementor-action%3Aaction%3Dlightbox%26settings%3DeyJpZCI6MTA2MSwidXJsIjoiaHR0cHM6XC9cL3d3dy5sZXNhaWdsZXNkdWxlbWFuLmNvbVwvd3AtY29udGVudFwvdXBsb2Fkc1wvMjAyMVwvMTJcL2NvbnNlcnZhdGlvbi0yMDE4MDYxNF8xNzIzNDAuanBnIiwic2xpZGVzaG93IjoiZDg4YjcxOCJ9\" href=\"https:\/\/www.lesaiglesduleman.com\/wp-content\/uploads\/2021\/12\/conservation-20180614_172340.jpg\"><figure class=\"swiper-slide-inner\"><img decoding=\"async\" class=\"swiper-slide-image\" src=\"https:\/\/www.lesaiglesduleman.com\/wp-content\/uploads\/2021\/12\/conservation-20180614_172340-600x450.jpg\" alt=\"vautours fauves perch\u00e9s sur\" \/><\/figure><\/a><\/div><div class=\"swiper-slide\" role=\"group\" aria-roledescription=\"slide\" aria-label=\"3 of 3\"><a data-elementor-open-lightbox=\"yes\" data-elementor-lightbox-slideshow=\"d88b718\" data-elementor-lightbox-title=\"conservation-20180620_100536\" data-e-action-hash=\"#elementor-action%3Aaction%3Dlightbox%26settings%3DeyJpZCI6MTA2MywidXJsIjoiaHR0cHM6XC9cL3d3dy5sZXNhaWdsZXNkdWxlbWFuLmNvbVwvd3AtY29udGVudFwvdXBsb2Fkc1wvMjAyMVwvMTJcL2NvbnNlcnZhdGlvbi0yMDE4MDYyMF8xMDA1MzYuanBnIiwic2xpZGVzaG93IjoiZDg4YjcxOCJ9\" href=\"https:\/\/www.lesaiglesduleman.com\/wp-content\/uploads\/2021\/12\/conservation-20180620_100536.jpg\"><figure class=\"swiper-slide-inner\"><img decoding=\"async\" class=\"swiper-slide-image\" src=\"https:\/\/www.lesaiglesduleman.com\/wp-content\/uploads\/2021\/12\/conservation-20180620_100536-600x450.jpg\" alt=\"Aigle bateleur dans la voli\u00e8re Terre des Aigles perch\u00e9 sur une barri\u00e8re en bois.\" \/><\/figure><\/a><\/div>\t\t\t<\/div>\n\t\t\t\t\t\t\t\t\t\t\t\t<div class=\"elementor-swiper-button elementor-swiper-button-prev\" role=\"button\" tabindex=\"0\">\n\t\t\t\t\t\t<i aria-hidden=\"true\" class=\"eicon-chevron-left\"><\/i>\t\t\t\t\t<\/div>\n\t\t\t\t\t<div class=\"elementor-swiper-button elementor-swiper-button-next\" role=\"button\" tabindex=\"0\">\n\t\t\t\t\t\t<i aria-hidden=\"true\" class=\"eicon-chevron-right\"><\/i>\t\t\t\t\t<\/div>\n\t\t\t\t\n\t\t\t\t\t\t\t\t\t<div class=\"swiper-pagination\"><\/div>\n\t\t\t\t\t\t\t\t\t<\/div>\n\t\t\t\t\t\t<\/div>\n\t\t\t\t<\/div>\n\t\t\t\t\t<\/div>\n\t\t<\/div>\n\t\t\t\t\t<\/div>\n\t\t<\/section>\n\t\t\t\t\t<\/div>\n\t\t<\/div>\n\t\t\t\t\t<\/div>\n\t\t<\/section>\n\t\t\t\t<\/div>\n\t\t","protected":false},"excerpt":{"rendered":"<p>The first free flight aviary Scientific investigationsproject has reconstructed a habitat in a large aviary of 18000 square meters by 10 meters high where more than 60 raptors belonging to 13 different species coexist without any barrier. For the first time, raptors are able to fly almost freely and learn how to use the wind [&hellip;]<\/p>\n","protected":false},"author":4,"featured_media":0,"parent":1926,"menu_order":30,"comment_status":"closed","ping_status":"closed","template":"template-summer.php","meta":{"_acf_changed":false,"footnotes":""},"class_list":["post-1930","page","type-page","status-publish","hentry"],"acf":[],"yoast_head":"<!-- This site is optimized with the Yoast SEO plugin v27.4 - https:\/\/yoast.com\/product\/yoast-seo-wordpress\/ -->\n<title>Scientific investigations - Les Aigles du L\u00e9man<\/title>\n<meta name=\"robots\" content=\"index, follow, max-snippet:-1, max-image-preview:large, max-video-preview:-1\" \/>\n<link rel=\"canonical\" href=\"https:\/\/www.lesaiglesduleman.com\/ete\/conservation\/recherches\/\" \/>\n<meta property=\"og:locale\" content=\"en_US\" \/>\n<meta property=\"og:type\" content=\"article\" \/>\n<meta property=\"og:title\" content=\"Scientific investigations - Les Aigles du L\u00e9man\" \/>\n<meta property=\"og:description\" content=\"The first free flight aviary Scientific investigationsproject has reconstructed a habitat in a large aviary of 18000 square meters by 10 meters high where more than 60 raptors belonging to 13 different species coexist without any barrier. For the first time, raptors are able to fly almost freely and learn how to use the wind [&hellip;]\" \/>\n<meta property=\"og:url\" content=\"https:\/\/www.lesaiglesduleman.com\/ete\/conservation\/recherches\/\" \/>\n<meta property=\"og:site_name\" content=\"Les Aigles du L\u00e9man\" \/>\n<meta property=\"article:publisher\" content=\"https:\/\/www.facebook.com\/profile.php?id=100057487838713\" \/>\n<meta property=\"article:modified_time\" content=\"2021-12-13T21:25:54+00:00\" \/>\n<meta property=\"og:image\" content=\"http:\/\/new.lesaiglesduleman.com\/wp-content\/uploads\/2021\/12\/conservation-20180614_100647-600x450.jpg\" \/>\n<meta name=\"twitter:card\" content=\"summary_large_image\" \/>\n<meta name=\"twitter:label1\" content=\"Est. reading time\" \/>\n\t<meta name=\"twitter:data1\" content=\"1 minute\" \/>\n<script type=\"application\/ld+json\" class=\"yoast-schema-graph\">{\"@context\":\"https:\\\/\\\/schema.org\",\"@graph\":[{\"@type\":\"WebPage\",\"@id\":\"https:\\\/\\\/www.lesaiglesduleman.com\\\/ete\\\/conservation\\\/recherches\\\/\",\"url\":\"https:\\\/\\\/www.lesaiglesduleman.com\\\/ete\\\/conservation\\\/recherches\\\/\",\"name\":\"Scientific investigations - Les Aigles du L\u00e9man\",\"isPartOf\":{\"@id\":\"https:\\\/\\\/www.lesaiglesduleman.com\\\/#website\"},\"primaryImageOfPage\":{\"@id\":\"https:\\\/\\\/www.lesaiglesduleman.com\\\/ete\\\/conservation\\\/recherches\\\/#primaryimage\"},\"image\":{\"@id\":\"https:\\\/\\\/www.lesaiglesduleman.com\\\/ete\\\/conservation\\\/recherches\\\/#primaryimage\"},\"thumbnailUrl\":\"http:\\\/\\\/new.lesaiglesduleman.com\\\/wp-content\\\/uploads\\\/2021\\\/12\\\/conservation-20180614_100647-600x450.jpg\",\"datePublished\":\"2021-12-13T21:25:53+00:00\",\"dateModified\":\"2021-12-13T21:25:54+00:00\",\"breadcrumb\":{\"@id\":\"https:\\\/\\\/www.lesaiglesduleman.com\\\/ete\\\/conservation\\\/recherches\\\/#breadcrumb\"},\"inLanguage\":\"en-US\",\"potentialAction\":[{\"@type\":\"ReadAction\",\"target\":[\"https:\\\/\\\/www.lesaiglesduleman.com\\\/ete\\\/conservation\\\/recherches\\\/\"]}]},{\"@type\":\"ImageObject\",\"inLanguage\":\"en-US\",\"@id\":\"https:\\\/\\\/www.lesaiglesduleman.com\\\/ete\\\/conservation\\\/recherches\\\/#primaryimage\",\"url\":\"http:\\\/\\\/new.lesaiglesduleman.com\\\/wp-content\\\/uploads\\\/2021\\\/12\\\/conservation-20180614_100647-600x450.jpg\",\"contentUrl\":\"http:\\\/\\\/new.lesaiglesduleman.com\\\/wp-content\\\/uploads\\\/2021\\\/12\\\/conservation-20180614_100647-600x450.jpg\"},{\"@type\":\"BreadcrumbList\",\"@id\":\"https:\\\/\\\/www.lesaiglesduleman.com\\\/ete\\\/conservation\\\/recherches\\\/#breadcrumb\",\"itemListElement\":[{\"@type\":\"ListItem\",\"position\":1,\"name\":\"Home\",\"item\":\"https:\\\/\\\/www.lesaiglesduleman.com\\\/\"},{\"@type\":\"ListItem\",\"position\":2,\"name\":\"Summer Park, Sciez\",\"item\":\"https:\\\/\\\/www.lesaiglesduleman.com\\\/\"},{\"@type\":\"ListItem\",\"position\":3,\"name\":\"Conservation\",\"item\":\"https:\\\/\\\/www.lesaiglesduleman.com\\\/ete\\\/conservation\\\/\"},{\"@type\":\"ListItem\",\"position\":4,\"name\":\"Scientific investigations\"}]},{\"@type\":\"WebSite\",\"@id\":\"https:\\\/\\\/www.lesaiglesduleman.com\\\/#website\",\"url\":\"https:\\\/\\\/www.lesaiglesduleman.com\\\/\",\"name\":\"Les Aigles du L\u00e9man\",\"description\":\"\",\"potentialAction\":[{\"@type\":\"SearchAction\",\"target\":{\"@type\":\"EntryPoint\",\"urlTemplate\":\"https:\\\/\\\/www.lesaiglesduleman.com\\\/?s={search_term_string}\"},\"query-input\":{\"@type\":\"PropertyValueSpecification\",\"valueRequired\":true,\"valueName\":\"search_term_string\"}}],\"inLanguage\":\"en-US\"}]}<\/script>\n<!-- \/ Yoast SEO plugin. -->","yoast_head_json":{"title":"Scientific investigations - Les Aigles du L\u00e9man","robots":{"index":"index","follow":"follow","max-snippet":"max-snippet:-1","max-image-preview":"max-image-preview:large","max-video-preview":"max-video-preview:-1"},"canonical":"https:\/\/www.lesaiglesduleman.com\/ete\/conservation\/recherches\/","og_locale":"en_US","og_type":"article","og_title":"Scientific investigations - Les Aigles du L\u00e9man","og_description":"The first free flight aviary Scientific investigationsproject has reconstructed a habitat in a large aviary of 18000 square meters by 10 meters high where more than 60 raptors belonging to 13 different species coexist without any barrier. For the first time, raptors are able to fly almost freely and learn how to use the wind [&hellip;]","og_url":"https:\/\/www.lesaiglesduleman.com\/ete\/conservation\/recherches\/","og_site_name":"Les Aigles du L\u00e9man","article_publisher":"https:\/\/www.facebook.com\/profile.php?id=100057487838713","article_modified_time":"2021-12-13T21:25:54+00:00","og_image":[{"url":"http:\/\/new.lesaiglesduleman.com\/wp-content\/uploads\/2021\/12\/conservation-20180614_100647-600x450.jpg","type":"","width":"","height":""}],"twitter_card":"summary_large_image","twitter_misc":{"Est. reading time":"1 minute"},"schema":{"@context":"https:\/\/schema.org","@graph":[{"@type":"WebPage","@id":"https:\/\/www.lesaiglesduleman.com\/ete\/conservation\/recherches\/","url":"https:\/\/www.lesaiglesduleman.com\/ete\/conservation\/recherches\/","name":"Scientific investigations - Les Aigles du L\u00e9man","isPartOf":{"@id":"https:\/\/www.lesaiglesduleman.com\/#website"},"primaryImageOfPage":{"@id":"https:\/\/www.lesaiglesduleman.com\/ete\/conservation\/recherches\/#primaryimage"},"image":{"@id":"https:\/\/www.lesaiglesduleman.com\/ete\/conservation\/recherches\/#primaryimage"},"thumbnailUrl":"http:\/\/new.lesaiglesduleman.com\/wp-content\/uploads\/2021\/12\/conservation-20180614_100647-600x450.jpg","datePublished":"2021-12-13T21:25:53+00:00","dateModified":"2021-12-13T21:25:54+00:00","breadcrumb":{"@id":"https:\/\/www.lesaiglesduleman.com\/ete\/conservation\/recherches\/#breadcrumb"},"inLanguage":"en-US","potentialAction":[{"@type":"ReadAction","target":["https:\/\/www.lesaiglesduleman.com\/ete\/conservation\/recherches\/"]}]},{"@type":"ImageObject","inLanguage":"en-US","@id":"https:\/\/www.lesaiglesduleman.com\/ete\/conservation\/recherches\/#primaryimage","url":"http:\/\/new.lesaiglesduleman.com\/wp-content\/uploads\/2021\/12\/conservation-20180614_100647-600x450.jpg","contentUrl":"http:\/\/new.lesaiglesduleman.com\/wp-content\/uploads\/2021\/12\/conservation-20180614_100647-600x450.jpg"},{"@type":"BreadcrumbList","@id":"https:\/\/www.lesaiglesduleman.com\/ete\/conservation\/recherches\/#breadcrumb","itemListElement":[{"@type":"ListItem","position":1,"name":"Home","item":"https:\/\/www.lesaiglesduleman.com\/"},{"@type":"ListItem","position":2,"name":"Summer Park, Sciez","item":"https:\/\/www.lesaiglesduleman.com\/"},{"@type":"ListItem","position":3,"name":"Conservation","item":"https:\/\/www.lesaiglesduleman.com\/ete\/conservation\/"},{"@type":"ListItem","position":4,"name":"Scientific investigations"}]},{"@type":"WebSite","@id":"https:\/\/www.lesaiglesduleman.com\/#website","url":"https:\/\/www.lesaiglesduleman.com\/","name":"Les Aigles du L\u00e9man","description":"","potentialAction":[{"@type":"SearchAction","target":{"@type":"EntryPoint","urlTemplate":"https:\/\/www.lesaiglesduleman.com\/?s={search_term_string}"},"query-input":{"@type":"PropertyValueSpecification","valueRequired":true,"valueName":"search_term_string"}}],"inLanguage":"en-US"}]}},"jetpack_sharing_enabled":true,"_links":{"self":[{"href":"https:\/\/www.lesaiglesduleman.com\/en\/wp-json\/wp\/v2\/pages\/1930","targetHints":{"allow":["GET"]}}],"collection":[{"href":"https:\/\/www.lesaiglesduleman.com\/en\/wp-json\/wp\/v2\/pages"}],"about":[{"href":"https:\/\/www.lesaiglesduleman.com\/en\/wp-json\/wp\/v2\/types\/page"}],"author":[{"embeddable":true,"href":"https:\/\/www.lesaiglesduleman.com\/en\/wp-json\/wp\/v2\/users\/4"}],"replies":[{"embeddable":true,"href":"https:\/\/www.lesaiglesduleman.com\/en\/wp-json\/wp\/v2\/comments?post=1930"}],"version-history":[{"count":1,"href":"https:\/\/www.lesaiglesduleman.com\/en\/wp-json\/wp\/v2\/pages\/1930\/revisions"}],"predecessor-version":[{"id":1931,"href":"https:\/\/www.lesaiglesduleman.com\/en\/wp-json\/wp\/v2\/pages\/1930\/revisions\/1931"}],"up":[{"embeddable":true,"href":"https:\/\/www.lesaiglesduleman.com\/en\/wp-json\/wp\/v2\/pages\/1926"}],"wp:attachment":[{"href":"https:\/\/www.lesaiglesduleman.com\/en\/wp-json\/wp\/v2\/media?parent=1930"}],"curies":[{"name":"wp","href":"https:\/\/api.w.org\/{rel}","templated":true}]}}